{"id":2480,"date":"2020-03-24T15:20:16","date_gmt":"2020-03-24T14:20:16","guid":{"rendered":"https:\/\/rokamat.cp-werbeagentur.de\/?page_id=2480"},"modified":"2026-02-12T08:40:25","modified_gmt":"2026-02-12T07:40:25","slug":"repair-order","status":"publish","type":"page","link":"https:\/\/www.rokamat.com\/en\/service\/repair-order\/","title":{"rendered":"Repair Order"},"content":{"rendered":"<p>[et_pb_section fb_built=&#8221;1&#8243; disabled_on=&#8221;on|on|on&#8221; _builder_version=&#8221;4.16&#8243; da_disable_devices=&#8221;off|off|off&#8221; disabled=&#8221;on&#8221; global_colors_info=&#8221;{}&#8221; da_is_popup=&#8221;off&#8221; da_exit_intent=&#8221;off&#8221; da_has_close=&#8221;on&#8221; da_alt_close=&#8221;off&#8221; da_dark_close=&#8221;off&#8221; da_not_modal=&#8221;on&#8221; da_is_singular=&#8221;off&#8221; da_with_loader=&#8221;off&#8221; da_has_shadow=&#8221;on&#8221;][et_pb_row _builder_version=&#8221;4.16&#8243; border_width_bottom=&#8221;1px&#8221; border_color_bottom=&#8221;#4c4d4f&#8221; global_colors_info=&#8221;{}&#8221;][et_pb_column type=&#8221;4_4&#8243; _builder_version=&#8221;4.16&#8243; global_colors_info=&#8221;{}&#8221;][et_pb_text _builder_version=&#8221;4.16&#8243; header_font=&#8221;||||||||&#8221; header_text_color=&#8221;#ea5b0a&#8221; custom_margin=&#8221;||50px|||&#8221; global_colors_info=&#8221;{}&#8221;]<\/p>\n<h1 class=\"entry-title main_title\">Repair Order<\/h1>\n<p>[\/et_pb_text][et_pb_text _builder_version=&#8221;4.16&#8243; global_colors_info=&#8221;{}&#8221;]<\/p>\n<p>Here you can download a form for your repair.<\/p>\n<p>[\/et_pb_text][et_pb_text _builder_version=&#8221;4.22.2&#8243; global_colors_info=&#8221;{}&#8221;]<\/p>\n<p>If your return contains lithium-ion batteries, special packaging guidelines apply:<\/p>\n<p><a href=\"https:\/\/www.rokamat.com\/wp-content\/uploads\/2023\/10\/2023_Shipping_Lithium_Ion_Batteries.pdf\" target=\"_blank\" rel=\"attachment noopener noreferrer wp-att-1486\">Shipment of Lithium Ion Batteries EN.pdf<\/a><\/p>\n<p>[\/et_pb_text][\/et_pb_column][\/et_pb_row][et_pb_row _builder_version=&#8221;4.16&#8243; global_colors_info=&#8221;{}&#8221;][et_pb_column type=&#8221;4_4&#8243; _builder_version=&#8221;4.16&#8243; global_colors_info=&#8221;{}&#8221;][et_pb_text _builder_version=&#8221;4.16&#8243; global_colors_info=&#8221;{}&#8221;]<\/p>\n<p>Delivery address for repair orders:<\/p>\n<p><strong>Kammerer GmbH<\/strong><\/p>\n<p><strong>Hammerwerkstr. 8<\/strong><\/p>\n<p><strong>DE-76327 Pfinztal<\/strong><\/p>\n<p><strong><a href=\"\/wp-content\/uploads\/2021\/05\/Repair-Order.pdf\" rel=\"attachment wp-att-1487\">Repair order<\/a><\/strong> (PDF, 51 kB)<\/p>\n<p>[\/et_pb_text][\/et_pb_column][\/et_pb_row][\/et_pb_section][et_pb_section fb_built=&#8221;1&#8243; disabled_on=&#8221;off|off|off&#8221; _builder_version=&#8221;4.16&#8243; da_disable_devices=&#8221;off|off|off&#8221; global_colors_info=&#8221;{}&#8221; da_is_popup=&#8221;off&#8221; da_exit_intent=&#8221;off&#8221; da_has_close=&#8221;on&#8221; da_alt_close=&#8221;off&#8221; da_dark_close=&#8221;off&#8221; da_not_modal=&#8221;on&#8221; da_is_singular=&#8221;off&#8221; da_with_loader=&#8221;off&#8221; da_has_shadow=&#8221;on&#8221;][et_pb_row column_structure=&#8221;1_2,1_2&#8243; _builder_version=&#8221;4.16&#8243; border_width_bottom=&#8221;1px&#8221; border_color_bottom=&#8221;#4c4d4f&#8221; global_colors_info=&#8221;{}&#8221;][et_pb_column type=&#8221;1_2&#8243; _builder_version=&#8221;4.16&#8243; global_colors_info=&#8221;{}&#8221;][et_pb_text _builder_version=&#8221;4.16&#8243; header_font=&#8221;||||||||&#8221; header_text_color=&#8221;#ea5b0a&#8221; custom_margin=&#8221;||50px|||&#8221; global_colors_info=&#8221;{}&#8221;]<\/p>\n<h1 class=\"entry-title main_title\">Repair Order<\/h1>\n<p>[\/et_pb_text][et_pb_text _builder_version=&#8221;4.16&#8243; global_colors_info=&#8221;{}&#8221;]<\/p>\n<p>Here you can download a form for your repair.<\/p>\n<p>[\/et_pb_text][et_pb_text _builder_version=&#8221;4.22.2&#8243; global_colors_info=&#8221;{}&#8221;]<\/p>\n<p>If your return contains lithium-ion batteries, special packaging guidelines apply:<\/p>\n<p><a href=\"https:\/\/www.rokamat.com\/wp-content\/uploads\/2023\/10\/2023_Shipping_Lithium_Ion_Batteries.pdf\" target=\"_blank\" rel=\"attachment wp-att-1486 noopener noreferrer\">Shipment of Lithium Ion Batteries EN.pdf<\/a><\/p>\n<p>[\/et_pb_text][\/et_pb_column][et_pb_column type=&#8221;1_2&#8243; _builder_version=&#8221;4.16&#8243; global_colors_info=&#8221;{}&#8221;][et_pb_image src=&#8221;https:\/\/www.rokamat.com\/wp-content\/uploads\/2026\/02\/Repair-order-1.jpg&#8221; title_text=&#8221;Repair-order&#8221; _builder_version=&#8221;4.27.5&#8243; _module_preset=&#8221;default&#8221; global_colors_info=&#8221;{}&#8221;][\/et_pb_image][\/et_pb_column][\/et_pb_row][et_pb_row column_structure=&#8221;1_2,1_2&#8243; _builder_version=&#8221;4.16&#8243; global_colors_info=&#8221;{}&#8221;][et_pb_column type=&#8221;1_2&#8243; _builder_version=&#8221;4.16&#8243; global_colors_info=&#8221;{}&#8221;][et_pb_text _builder_version=&#8221;4.27.5&#8243; hover_enabled=&#8221;0&#8243; global_colors_info=&#8221;{}&#8221; sticky_enabled=&#8221;0&#8243;]<\/p>\n<p>Delivery address for repair orders:<\/p>\n<p><strong>Kammerer GmbH<br \/><\/strong><strong>Durlacher Stra\u00dfe 19 (Zufahrt \u00fcber Bahnhof)<br \/>75203 K\u00f6nigsbach-Stein<br \/>GERMANY<\/strong><\/p>\n<p><strong><a href=\"\/wp-content\/uploads\/2026\/02\/Repair-Order-2.pdf\" rel=\"attachment wp-att-1487\">Repair order<\/a><\/strong> (PDF, 51 kB)<\/p>\n<p>[\/et_pb_text][\/et_pb_column][et_pb_column type=&#8221;1_2&#8243; _builder_version=&#8221;4.16&#8243; global_colors_info=&#8221;{}&#8221;][\/et_pb_column][\/et_pb_row][\/et_pb_section][et_pb_section fb_built=&#8221;1&#8243; disabled_on=&#8221;on|on|on&#8221; _builder_version=&#8221;4.16&#8243; da_disable_devices=&#8221;off|off|off&#8221; disabled=&#8221;on&#8221; locked=&#8221;off&#8221; global_colors_info=&#8221;{}&#8221; da_is_popup=&#8221;off&#8221; da_exit_intent=&#8221;off&#8221; da_has_close=&#8221;on&#8221; da_alt_close=&#8221;off&#8221; da_dark_close=&#8221;off&#8221; da_not_modal=&#8221;on&#8221; da_is_singular=&#8221;off&#8221; da_with_loader=&#8221;off&#8221; da_has_shadow=&#8221;on&#8221;][et_pb_row column_structure=&#8221;3_5,2_5&#8243; _builder_version=&#8221;4.16&#8243; border_width_bottom=&#8221;1px&#8221; border_color_bottom=&#8221;#4c4d4f&#8221; global_colors_info=&#8221;{}&#8221;][et_pb_column type=&#8221;3_5&#8243; _builder_version=&#8221;4.16&#8243; global_colors_info=&#8221;{}&#8221;][et_pb_text _builder_version=&#8221;4.22.1&#8243; header_font=&#8221;||||||||&#8221; header_text_color=&#8221;#ea5b0a&#8221; custom_margin=&#8221;||50px|||&#8221; global_colors_info=&#8221;{}&#8221;]<\/p>\n<h1 class=\"entry-title main_title\">Repair Order<\/h1>\n<p>[\/et_pb_text][et_pb_text _builder_version=&#8221;4.22.1&#8243; global_colors_info=&#8221;{}&#8221;]<\/p>\n<p>In order to ensure a smooth and trouble-free process, we kindly ask you to download and fill out the repair order form and enclose it with your defective machine.<\/p>\n<p>The &#8220;Repair order&#8221; form is intended for specialist dealers. If you as a customer send in a repair directly to us, we ask you to specify your dealer so that we can process your repair accordingly.<\/p>\n<p>[\/et_pb_text][et_pb_text _builder_version=&#8221;4.22.1&#8243; global_colors_info=&#8221;{}&#8221;]<\/p>\n<p>When transporting battery packs (18V\/5.2Ah), please follow the instructions for transporting lithium-ion batteries:<\/p>\n<p><a href=\"\/wp-content\/uploads\/2021\/05\/MB_36_Final_Versand-von-Lithium-Ionen-Batterien-2021-DE_TD201202.pdf\" rel=\"attachment wp-att-1486 noopener noreferrer\" target=\"_blank\"><\/a>If your return contains lithium-ion batteries, special packaging guidelines apply:<\/p>\n<p><a href=\"\/wp-content\/uploads\/2021\/05\/MB_36e_Versand-von-Lithium-Ionen-Batterien-2021-EN_TD210104_final.pdf\" target=\"_blank\" rel=\"attachment wp-att-1486 noopener noreferrer\">Shipment of Lithium Ion Batteries EN.pdf<\/a><\/p>\n<p><strong>For 18 V\/10Ah batteries, please contact the Rokamat sales team before returning, as special regulations apply here &#8211; dangerous goods!<\/strong><\/p>\n<p>[\/et_pb_text][et_pb_button button_url=&#8221;\/wp-content\/uploads\/2021\/05\/Repair-Order.pdf&#8221; button_text=&#8221;Download repair order &#8221; _builder_version=&#8221;4.22.1&#8243; _module_preset=&#8221;default&#8221; global_colors_info=&#8221;{}&#8221;][\/et_pb_button][\/et_pb_column][et_pb_column type=&#8221;2_5&#8243; _builder_version=&#8221;4.16&#8243; global_colors_info=&#8221;{}&#8221;][et_pb_image src=&#8221;https:\/\/www.rokamat.com\/wp-content\/uploads\/2023\/09\/Reparaturauftrag.jpg&#8221; title_text=&#8221;Reparaturauftrag&#8221; _builder_version=&#8221;4.22.1&#8243; _module_preset=&#8221;default&#8221; global_colors_info=&#8221;{}&#8221;][\/et_pb_image][\/et_pb_column][\/et_pb_row][et_pb_row _builder_version=&#8221;4.16&#8243; global_colors_info=&#8221;{}&#8221;][et_pb_column type=&#8221;4_4&#8243; _builder_version=&#8221;4.16&#8243; global_colors_info=&#8221;{}&#8221;][et_pb_text _builder_version=&#8221;4.22.1&#8243; global_colors_info=&#8221;{}&#8221;]<\/p>\n<p>Delivery adress for repair orders:<\/p>\n<p><strong>Kammerer GmbH<br \/><\/strong><strong>Hammerwerkstr. 8<br \/><\/strong><strong>DE-76327 Pfinztal<\/strong><\/p>\n<p>[\/et_pb_text][\/et_pb_column][\/et_pb_row][\/et_pb_section][et_pb_section fb_built=&#8221;1&#8243; _builder_version=&#8221;4.17.6&#8243; use_background_color_gradient=&#8221;on&#8221; background_color_gradient_stops=&#8221;rgba(0,0,0,0.67) 0%|rgba(0,0,0,0.67) 100%&#8221; background_color_gradient_overlays_image=&#8221;on&#8221; background_color_gradient_start=&#8221;rgba(0,0,0,0.67)&#8221; background_color_gradient_end=&#8221;rgba(0,0,0,0.67)&#8221; background_image=&#8221;https:\/\/www.rokamat.com\/wp-content\/uploads\/2022\/07\/Rokamat-Gecko-Rapid-Turboschleifer-im-Einsatz-Hintergrundgrafik-Startseite.jpg&#8221; background_position=&#8221;center_right&#8221; custom_padding=&#8221;80px||80px||true|false&#8221; top_divider_style=&#8221;triangle&#8221; top_divider_color=&#8221;#FFFFFF&#8221; top_divider_height=&#8221;70px&#8221; top_divider_flip=&#8221;vertical&#8221; top_divider_height_tablet=&#8221;70px&#8221; top_divider_height_phone=&#8221;40px&#8221; top_divider_height_last_edited=&#8221;on|phone&#8221; da_disable_devices=&#8221;off|off|off&#8221; global_module=&#8221;8583&#8243; saved_tabs=&#8221;all&#8221; locked=&#8221;off&#8221; global_colors_info=&#8221;{}&#8221; da_is_popup=&#8221;off&#8221; da_exit_intent=&#8221;off&#8221; da_has_close=&#8221;on&#8221; da_alt_close=&#8221;off&#8221; da_dark_close=&#8221;off&#8221; da_not_modal=&#8221;on&#8221; da_is_singular=&#8221;off&#8221; da_with_loader=&#8221;off&#8221; da_has_shadow=&#8221;on&#8221;][et_pb_row use_custom_gutter=&#8221;on&#8221; make_equal=&#8221;on&#8221; _builder_version=&#8221;4.17.6&#8243; width=&#8221;90%&#8221; width_tablet=&#8221;90%&#8221; width_phone=&#8221;90%&#8221; width_last_edited=&#8221;on|tablet&#8221; max_width=&#8221;1170px&#8221; max_width_tablet=&#8221;90%&#8221; max_width_phone=&#8221;90%&#8221; max_width_last_edited=&#8221;on|desktop&#8221; custom_margin=&#8221;||||false|false&#8221; custom_padding=&#8221;30px|0px|0px|0px|false|false&#8221; global_colors_info=&#8221;{}&#8221;][et_pb_column type=&#8221;4_4&#8243; _builder_version=&#8221;4.16&#8243; custom_padding=&#8221;|||&#8221; animation_style=&#8221;slide&#8221; animation_direction=&#8221;left&#8221; animation_duration=&#8221;750ms&#8221; animation_delay=&#8221;500ms&#8221; animation_speed_curve=&#8221;ease&#8221; global_colors_info=&#8221;{}&#8221; custom_padding__hover=&#8221;|||&#8221;][et_pb_text _builder_version=&#8221;4.17.6&#8243; text_font=&#8221;|||on|||||&#8221; text_text_color=&#8221;#ffffff&#8221; text_font_size=&#8221;46px&#8221; text_line_height=&#8221;1em&#8221; max_width=&#8221;81%&#8221; module_alignment=&#8221;center&#8221; text_font_size_tablet=&#8221;42px&#8221; text_font_size_phone=&#8221;30px&#8221; text_font_size_last_edited=&#8221;on|desktop&#8221; text_line_height_tablet=&#8221;1.1em&#8221; text_line_height_phone=&#8221;1.1em&#8221; text_line_height_last_edited=&#8221;on|desktop&#8221; text_orientation_tablet=&#8221;center&#8221; text_orientation_phone=&#8221;center&#8221; text_orientation_last_edited=&#8221;on|phone&#8221; module_alignment_tablet=&#8221;center&#8221; module_alignment_phone=&#8221;center&#8221; module_alignment_last_edited=&#8221;on|phone&#8221; global_colors_info=&#8221;{}&#8221;]<\/p>\n<p style=\"text-align: center;\">Always stay up to date with <br \/>our <span style=\"color: #ff6600;\">Newsletter<\/span><\/p>\n<p>[\/et_pb_text][et_pb_code _builder_version=&#8221;4.17.6&#8243; _module_preset=&#8221;default&#8221; text_orientation=&#8221;center&#8221; module_alignment=&#8221;center&#8221; global_colors_info=&#8221;{}&#8221;][\/et_pb_code][\/et_pb_column][\/et_pb_row][et_pb_row _builder_version=&#8221;4.27.4&#8243; _module_preset=&#8221;default&#8221; global_colors_info=&#8221;{}&#8221;][et_pb_column type=&#8221;4_4&#8243; _builder_version=&#8221;4.27.4&#8243; _module_preset=&#8221;default&#8221; global_colors_info=&#8221;{}&#8221;][\/et_pb_column][\/et_pb_row][\/et_pb_section]<\/p>\n","protected":false},"excerpt":{"rendered":"<p>Repair Order Here you can download a form for your repair.If your return contains lithium-ion batteries, special packaging guidelines apply: Shipment of Lithium Ion Batteries EN.pdfDelivery address for repair orders: Kammerer GmbH Hammerwerkstr. 8 DE-76327 Pfinztal Repair order (PDF, 51 kB)Repair Order Here you can download a form for your repair.If your return contains lithium-ion [&hellip;]<\/p>\n","protected":false},"author":3,"featured_media":0,"parent":2366,"menu_order":0,"comment_status":"closed","ping_status":"closed","template":"","meta":{"_et_pb_use_builder":"on","_et_pb_old_content":"<p>[et_pb_section fb_built=\"1\" specialty=\"on\" _builder_version=\"4.3.2\" custom_padding=\"22px||||false|false\"][et_pb_column type=\"1_4\" _builder_version=\"3.25\" custom_padding=\"|||\" custom_padding__hover=\"|||\"][et_pb_sidebar area=\"et_pb_widget_area_3\" show_border=\"off\" _builder_version=\"4.3.4\" header_font=\"Exo2 Bold|||on|||||\" header_text_color=\"#ea5b0a\" header_font_size=\"1.2em\" body_font=\"Exo2 Regular||||||||\" body_text_color=\"#808080\" body_font_size=\"15px\"][\/et_pb_sidebar][\/et_pb_column][et_pb_column type=\"3_4\" specialty_columns=\"3\" _builder_version=\"3.25\" custom_padding=\"|||\" custom_padding__hover=\"|||\"][et_pb_row_inner _builder_version=\"4.3.4\" hover_enabled=\"0\" border_width_bottom=\"1px\" border_color_bottom=\"#4c4d4f\"][et_pb_column_inner saved_specialty_column_type=\"3_4\" _builder_version=\"4.3.2\"][et_pb_text _builder_version=\"4.3.4\" header_font=\"Exo2 Regular||||||||\" header_text_color=\"#ea5b0a\" custom_margin=\"||50px|||\"]<\/p><h1 class=\"entry-title main_title\">Repair Order<\/h1><p>[\/et_pb_text][et_pb_text _builder_version=\"4.3.4\"]<\/p><p>Damit ein reibungsloser Ablauf gew\u00e4hrleistet ist, bitten wir Sie den Vordruck f\u00fcr Ihre Reparatur Einsendung herunterzuladen, auszuf\u00fcllen und Ihrer defekten Maschine beizulegen.<\/p><p>[\/et_pb_text][et_pb_text _builder_version=\"4.3.4\" hover_enabled=\"0\"]<\/p><p>Bitte beachten Sie bei Bef\u00f6rderung von Akkupacks die Merkbl\u00e4tter zum Transport von Lithium-Ionen-Batterie\u200bn:<\/p><p><a href=\"\/wp-content\/uploads\/2020\/03\/ZVEI-MB-Versand-von-Ionen-Lithium-Batterien-Deutsch-Final-20-09-2019.pdf\" target=\"_blank\" rel=\"attachment wp-att-1486 noopener noreferrer\">ZVEI-MB-Versand-von-Ionen-Lithium-Batterien-Deutsch-Final-20-09-2019.pdf<\/a><\/p><p>[\/et_pb_text][\/et_pb_column_inner][\/et_pb_row_inner][et_pb_row_inner _builder_version=\"4.3.4\" hover_enabled=\"0\"][et_pb_column_inner saved_specialty_column_type=\"3_4\" _builder_version=\"4.3.4\"][et_pb_text _builder_version=\"4.3.4\" hover_enabled=\"0\"]Lieferadresse f\u00fcr Reparaturen:<\/p><p><strong>Kammerer GmbH<\/strong><\/p><p><strong>Hammerwerkstr. 8<\/strong><\/p><p><strong>76327 Pfinztal<\/strong><\/p><p><strong><a href=\"https:\/\/www.rokamat.com\/wp-content\/uploads\/2020\/03\/reparaturauftrag-1.pdf\" rel=\"attachment wp-att-1487\">Reparaturauftrag <\/a><\/strong>(PDF, 222 kB)[\/et_pb_text][\/et_pb_column_inner][\/et_pb_row_inner][\/et_pb_column][\/et_pb_section]<\/p>","_et_gb_content_width":"","footnotes":""},"_links":{"self":[{"href":"https:\/\/www.rokamat.com\/en\/wp-json\/wp\/v2\/pages\/2480"}],"collection":[{"href":"https:\/\/www.rokamat.com\/en\/wp-json\/wp\/v2\/pages"}],"about":[{"href":"https:\/\/www.rokamat.com\/en\/wp-json\/wp\/v2\/types\/page"}],"author":[{"embeddable":true,"href":"https:\/\/www.rokamat.com\/en\/wp-json\/wp\/v2\/users\/3"}],"replies":[{"embeddable":true,"href":"https:\/\/www.rokamat.com\/en\/wp-json\/wp\/v2\/comments?post=2480"}],"version-history":[{"count":15,"href":"https:\/\/www.rokamat.com\/en\/wp-json\/wp\/v2\/pages\/2480\/revisions"}],"predecessor-version":[{"id":16356,"href":"https:\/\/www.rokamat.com\/en\/wp-json\/wp\/v2\/pages\/2480\/revisions\/16356"}],"up":[{"embeddable":true,"href":"https:\/\/www.rokamat.com\/en\/wp-json\/wp\/v2\/pages\/2366"}],"wp:attachment":[{"href":"https:\/\/www.rokamat.com\/en\/wp-json\/wp\/v2\/media?parent=2480"}],"curies":[{"name":"wp","href":"https:\/\/api.w.org\/{rel}","templated":true}]}}