{"id":2366,"date":"2020-03-24T12:25:16","date_gmt":"2020-03-24T11:25:16","guid":{"rendered":"https:\/\/rokamat.cp-werbeagentur.de\/?page_id=2366"},"modified":"2025-12-22T08:20:29","modified_gmt":"2025-12-22T07:20:29","slug":"service","status":"publish","type":"page","link":"https:\/\/www.rokamat.com\/en\/service\/","title":{"rendered":"Service"},"content":{"rendered":"<p>[et_pb_section fb_built=&#8221;1&#8243; _builder_version=&#8221;4.16&#8243; da_disable_devices=&#8221;off|off|off&#8221; locked=&#8221;off&#8221; global_colors_info=&#8221;{}&#8221; da_is_popup=&#8221;off&#8221; da_exit_intent=&#8221;off&#8221; da_has_close=&#8221;on&#8221; da_alt_close=&#8221;off&#8221; da_dark_close=&#8221;off&#8221; da_not_modal=&#8221;on&#8221; da_is_singular=&#8221;off&#8221; da_with_loader=&#8221;off&#8221; da_has_shadow=&#8221;on&#8221;][et_pb_row _builder_version=&#8221;4.16&#8243; global_colors_info=&#8221;{}&#8221;][et_pb_column type=&#8221;4_4&#8243; _builder_version=&#8221;4.16&#8243; global_colors_info=&#8221;{}&#8221;][et_pb_text _builder_version=&#8221;4.16&#8243; border_width_bottom=&#8221;1px&#8221; border_color_bottom=&#8221;#4c4d4f&#8221; global_colors_info=&#8221;{}&#8221;]<\/p>\n<h1>Service<\/h1>\n<p>[\/et_pb_text][\/et_pb_column][\/et_pb_row][et_pb_row column_structure=&#8221;1_2,1_2&#8243; _builder_version=&#8221;4.16&#8243; custom_padding=&#8221;0px|||||&#8221; global_colors_info=&#8221;{}&#8221;][et_pb_column type=&#8221;1_2&#8243; _builder_version=&#8221;4.16&#8243; global_colors_info=&#8221;{}&#8221;][et_pb_text _builder_version=&#8221;4.16&#8243; global_colors_info=&#8221;{}&#8221;]<\/p>\n<p>Welcome to our service area, where you will find the latest information about the ROKAMAT brand product range.<\/p>\n<p>Enjoy viewing our catalogue and product flyers. You can also just browse through the e-paper version of the catalogue.<\/p>\n<p>[\/et_pb_text][\/et_pb_column][et_pb_column type=&#8221;1_2&#8243; _builder_version=&#8221;4.16&#8243; global_colors_info=&#8221;{}&#8221;][et_pb_text _builder_version=&#8221;4.16&#8243; global_colors_info=&#8221;{}&#8221;]<\/p>\n<p><strong>In addition you can view here spare parts documents of your ROKAMAT machine. Please note that spare parts lists correspond to the latest technical state. Kindly always indicate the serial number with your parts order for any older machine.<\/strong><\/p>\n<p>[\/et_pb_text][\/et_pb_column][\/et_pb_row][et_pb_row column_structure=&#8221;1_4,1_4,1_4,1_4&#8243; _builder_version=&#8221;4.27.4&#8243; global_colors_info=&#8221;{}&#8221;][et_pb_column type=&#8221;1_4&#8243; _builder_version=&#8221;4.27.4&#8243; background_image=&#8221;https:\/\/www.rokamat.com\/wp-content\/uploads\/2025\/12\/Katalog-EN-25-26-Hover-Kachel.png&#8221; background_position=&#8221;top_center&#8221; custom_css_main_element=&#8221;background-position: 50% 30px;&#8221; global_colors_info=&#8221;{}&#8221;][et_pb_text _builder_version=&#8221;4.19.4&#8243; text_text_color=&#8221;#808080&#8243; header_text_color=&#8221;#FFFFFF&#8221; header_2_font=&#8221;|600|||||||&#8221; header_2_text_color=&#8221;#FFFFFF&#8221; header_2_font_size=&#8221;18px&#8221; background_color=&#8221;#4C4D4F&#8221; custom_margin=&#8221;||0px||false|false&#8221; custom_padding=&#8221;15px|15px|15px|15px|true|true&#8221; link_option_url=&#8221;\/en\/service\/catalogue\/&#8221; border_radii=&#8221;off|10px|10px||&#8221; border_width_bottom=&#8221;2px&#8221; border_color_bottom=&#8221;#ffffff&#8221; global_colors_info=&#8221;{}&#8221;]<\/p>\n<h2><a href=\"\/en\/service\/catalogue\/\" title=\"Catalogue\">Catalogue<\/a><\/h2>\n<p>[\/et_pb_text][et_pb_blurb url=&#8221;\/en\/service\/catalogue\/&#8221; use_icon=&#8221;on&#8221; font_icon=&#8221;&#x3d;||divi||400&#8243; icon_color=&#8221;#ffffff&#8221; image_icon_width=&#8221;50px&#8221; content_max_width=&#8221;300px&#8221; admin_label=&#8221;Hover&#8221; _builder_version=&#8221;4.16&#8243; background_color=&#8221;rgba(234,91,10,0.7)&#8221; max_width=&#8221;417px&#8221; height=&#8221;210px&#8221; custom_padding=&#8221;72px||||false|false&#8221; filter_opacity=&#8221;0%&#8221; link_option_url=&#8221;\/en\/service\/catalogue\/&#8221; icon_font_size=&#8221;50px&#8221; icon_font_size__hover_enabled=&#8221;off|desktop&#8221; global_colors_info=&#8221;{}&#8221; filter_opacity__hover_enabled=&#8221;on|hover&#8221; filter_opacity__hover=&#8221;100%&#8221; image_icon_width__hover_enabled=&#8221;off|desktop&#8221;][\/et_pb_blurb][\/et_pb_column][et_pb_column type=&#8221;1_4&#8243; _builder_version=&#8221;4.27.4&#8243; background_image=&#8221;https:\/\/www.rokamat.com\/wp-content\/uploads\/2025\/12\/Katalog-EN-25-26-Hover-Kachel.png&#8221; background_position=&#8221;top_center&#8221; custom_css_main_element=&#8221;background-position: 50% 30px;&#8221; global_colors_info=&#8221;{}&#8221;][et_pb_text _builder_version=&#8221;4.19.4&#8243; text_text_color=&#8221;#808080&#8243; header_text_color=&#8221;#FFFFFF&#8221; header_2_font=&#8221;|600|||||||&#8221; header_2_text_color=&#8221;#FFFFFF&#8221; header_2_font_size=&#8221;18px&#8221; background_color=&#8221;#4C4D4F&#8221; custom_margin=&#8221;||0px||false|false&#8221; custom_padding=&#8221;15px|15px|15px|15px|true|true&#8221; link_option_url=&#8221;\/en\/service\/catalogue-as-e-paper\/&#8221; border_radii=&#8221;off|10px|10px||&#8221; border_width_bottom=&#8221;2px&#8221; border_color_bottom=&#8221;#ffffff&#8221; global_colors_info=&#8221;{}&#8221;]<\/p>\n<h2><a href=\"\/en\/service\/catalogue-as-e-paper\/\" title=\"Catalogue as e-paper\">Catalogue as e-paper<\/a><\/h2>\n<p>[\/et_pb_text][et_pb_blurb url=&#8221;\/en\/service\/catalogue-as-e-paper\/&#8221; use_icon=&#8221;on&#8221; font_icon=&#8221;&#x3d;||divi||400&#8243; icon_color=&#8221;#ffffff&#8221; image_icon_width=&#8221;50px&#8221; content_max_width=&#8221;300px&#8221; admin_label=&#8221;Hover&#8221; _builder_version=&#8221;4.16&#8243; background_color=&#8221;rgba(234,91,10,0.7)&#8221; max_width=&#8221;417px&#8221; height=&#8221;210px&#8221; custom_padding=&#8221;72px||||false|false&#8221; filter_opacity=&#8221;0%&#8221; link_option_url=&#8221;\/en\/service\/catalogue-as-e-paper\/&#8221; icon_font_size=&#8221;50px&#8221; icon_font_size__hover_enabled=&#8221;off|desktop&#8221; global_colors_info=&#8221;{}&#8221; filter_opacity__hover_enabled=&#8221;on|hover&#8221; filter_opacity__hover=&#8221;100%&#8221; image_icon_width__hover_enabled=&#8221;off|desktop&#8221;][\/et_pb_blurb][\/et_pb_column][et_pb_column type=&#8221;1_4&#8243; _builder_version=&#8221;4.27.4&#8243; background_image=&#8221;https:\/\/www.rokamat.com\/wp-content\/uploads\/2021\/04\/Ersatzteillisten.jpg&#8221; background_position=&#8221;top_center&#8221; custom_css_main_element=&#8221;background-position: 50% 30px;&#8221; global_colors_info=&#8221;{}&#8221;][et_pb_text _builder_version=&#8221;4.19.4&#8243; text_text_color=&#8221;#808080&#8243; header_text_color=&#8221;#FFFFFF&#8221; header_2_font=&#8221;|600|||||||&#8221; header_2_text_color=&#8221;#FFFFFF&#8221; header_2_font_size=&#8221;18px&#8221; background_color=&#8221;#4C4D4F&#8221; custom_margin=&#8221;||0px||false|false&#8221; custom_padding=&#8221;15px|15px|15px|15px|true|true&#8221; link_option_url=&#8221;\/en\/service\/spare-parts-230-v\/&#8221; border_radii=&#8221;off|10px|10px||&#8221; border_width_bottom=&#8221;2px&#8221; border_color_bottom=&#8221;#ffffff&#8221; global_colors_info=&#8221;{}&#8221;]<\/p>\n<h2><a href=\"\/en\/service\/spare-parts-230-v\/\">Spare parts 230 V<\/a><\/h2>\n<p>[\/et_pb_text][et_pb_blurb url=&#8221;\/en\/service\/spare-parts-230-v\/&#8221; use_icon=&#8221;on&#8221; font_icon=&#8221;&#x3d;||divi||400&#8243; icon_color=&#8221;#ffffff&#8221; image_icon_width=&#8221;50px&#8221; content_max_width=&#8221;300px&#8221; admin_label=&#8221;Hover&#8221; _builder_version=&#8221;4.16&#8243; background_color=&#8221;rgba(234,91,10,0.7)&#8221; max_width=&#8221;417px&#8221; height=&#8221;210px&#8221; custom_padding=&#8221;72px||||false|false&#8221; filter_opacity=&#8221;0%&#8221; link_option_url=&#8221;\/en\/service\/spare-parts-230-v\/&#8221; icon_font_size=&#8221;50px&#8221; icon_font_size__hover_enabled=&#8221;off|desktop&#8221; global_colors_info=&#8221;{}&#8221; filter_opacity__hover_enabled=&#8221;on|hover&#8221; filter_opacity__hover=&#8221;100%&#8221; image_icon_width__hover_enabled=&#8221;off|desktop&#8221;][\/et_pb_blurb][\/et_pb_column][et_pb_column type=&#8221;1_4&#8243; _builder_version=&#8221;4.27.4&#8243; _module_preset=&#8221;default&#8221; background_image=&#8221;https:\/\/www.rokamat.com\/wp-content\/uploads\/2021\/04\/Ersatzteillisten.jpg&#8221; background_position=&#8221;top_center&#8221; global_colors_info=&#8221;{}&#8221;][et_pb_text _builder_version=&#8221;4.19.4&#8243; text_text_color=&#8221;#808080&#8243; header_text_color=&#8221;#FFFFFF&#8221; header_2_font=&#8221;|600|||||||&#8221; header_2_text_color=&#8221;#FFFFFF&#8221; header_2_font_size=&#8221;18px&#8221; background_color=&#8221;#4C4D4F&#8221; custom_margin=&#8221;||0px||false|false&#8221; custom_padding=&#8221;15px|15px|15px|15px|true|true&#8221; link_option_url=&#8221;\/en\/service\/spare-parts-120-v\/&#8221; border_radii=&#8221;off|10px|10px||&#8221; border_width_bottom=&#8221;2px&#8221; border_color_bottom=&#8221;#ffffff&#8221; locked=&#8221;off&#8221; global_colors_info=&#8221;{}&#8221;]<\/p>\n<h2><a href=\"\/en\/service\/spare-parts-120-v\/\">Spare parts 120 V<\/a><\/h2>\n<p>[\/et_pb_text][et_pb_blurb url=&#8221;\/en\/service\/spare-parts-120-v\/&#8221; use_icon=&#8221;on&#8221; font_icon=&#8221;&#x3d;||divi||400&#8243; icon_color=&#8221;#ffffff&#8221; image_icon_width=&#8221;50px&#8221; content_max_width=&#8221;300px&#8221; admin_label=&#8221;Hover&#8221; _builder_version=&#8221;4.27.4&#8243; background_color=&#8221;rgba(234,91,10,0.7)&#8221; max_width=&#8221;417px&#8221; height=&#8221;210px&#8221; custom_padding=&#8221;72px||||false|false&#8221; filter_opacity=&#8221;0%&#8221; link_option_url=&#8221;\/en\/service\/spare-parts-120-v\/&#8221; icon_font_size=&#8221;50px&#8221; icon_font_size__hover_enabled=&#8221;off|desktop&#8221; locked=&#8221;off&#8221; global_colors_info=&#8221;{}&#8221; filter_opacity__hover_enabled=&#8221;on|hover&#8221; filter_opacity__hover=&#8221;100%&#8221; image_icon_width__hover_enabled=&#8221;off|desktop&#8221;][\/et_pb_blurb][\/et_pb_column][\/et_pb_row][et_pb_row column_structure=&#8221;1_4,1_4,1_4,1_4&#8243; _builder_version=&#8221;4.27.4&#8243; global_colors_info=&#8221;{}&#8221;][et_pb_column type=&#8221;1_4&#8243; _builder_version=&#8221;4.27.4&#8243; background_image=&#8221;https:\/\/www.rokamat.com\/wp-content\/uploads\/2023\/10\/ISO_7010_M002-Icon-Betriebsanleitungen-Operation-instructions-ISO_7010.png&#8221; background_size=&#8221;custom&#8221; background_image_height=&#8221;85%&#8221; background_position=&#8221;bottom_center&#8221; background_vertical_offset=&#8221;0%&#8221; global_colors_info=&#8221;{}&#8221;][et_pb_text _builder_version=&#8221;4.27.4&#8243; text_text_color=&#8221;#808080&#8243; header_text_color=&#8221;#FFFFFF&#8221; header_2_font=&#8221;|600|||||||&#8221; header_2_text_color=&#8221;#FFFFFF&#8221; header_2_font_size=&#8221;18px&#8221; background_color=&#8221;#4C4D4F&#8221; custom_margin=&#8221;||0px||false|false&#8221; custom_padding=&#8221;15px|15px|15px|15px|true|true&#8221; link_option_url=&#8221;\/en\/service\/spare-parts-120-v\/&#8221; border_radii=&#8221;off|10px|10px||&#8221; border_width_bottom=&#8221;2px&#8221; border_color_bottom=&#8221;#ffffff&#8221; global_colors_info=&#8221;{}&#8221;]<\/p>\n<h2><a href=\"\/en\/service\/operations-instructions\/\" title=\"Operation Instructions\">Operation Instructions<\/a><\/h2>\n<p>[\/et_pb_text][et_pb_blurb url=&#8221;\/en\/service\/operations-instructions\/&#8221; use_icon=&#8221;on&#8221; font_icon=&#8221;&#x3d;||divi||400&#8243; icon_color=&#8221;#ffffff&#8221; image_icon_width=&#8221;50px&#8221; content_max_width=&#8221;300px&#8221; admin_label=&#8221;Hover&#8221; _builder_version=&#8221;4.27.4&#8243; background_color=&#8221;rgba(234,91,10,0.7)&#8221; max_width=&#8221;417px&#8221; height=&#8221;210px&#8221; custom_padding=&#8221;72px||||false|false&#8221; filter_opacity=&#8221;0%&#8221; link_option_url=&#8221;\/en\/service\/operations-instructions\/&#8221; icon_font_size=&#8221;50px&#8221; icon_font_size__hover_enabled=&#8221;off|desktop&#8221; global_colors_info=&#8221;{}&#8221; filter_opacity__hover_enabled=&#8221;on|hover&#8221; filter_opacity__hover=&#8221;100%&#8221; image_icon_width__hover_enabled=&#8221;off|desktop&#8221;][\/et_pb_blurb][\/et_pb_column][et_pb_column type=&#8221;1_4&#8243; _builder_version=&#8221;4.16&#8243; background_image=&#8221;https:\/\/www.rokamat.com\/wp-content\/uploads\/2021\/04\/Reparatur-1.jpg&#8221; background_position=&#8221;top_center&#8221; custom_css_main_element=&#8221;background-position: 50% 30px;&#8221; global_colors_info=&#8221;{}&#8221;][et_pb_text _builder_version=&#8221;4.19.4&#8243; text_text_color=&#8221;#808080&#8243; header_text_color=&#8221;#FFFFFF&#8221; header_2_font=&#8221;|600|||||||&#8221; header_2_text_color=&#8221;#FFFFFF&#8221; header_2_font_size=&#8221;18px&#8221; background_color=&#8221;#4C4D4F&#8221; custom_margin=&#8221;||0px||false|false&#8221; custom_padding=&#8221;15px|15px|15px|15px|true|true&#8221; link_option_url=&#8221;\/en\/service\/repair-order\/&#8221; border_radii=&#8221;off|10px|10px||&#8221; border_width_bottom=&#8221;2px&#8221; border_color_bottom=&#8221;#ffffff&#8221; global_colors_info=&#8221;{}&#8221;]<\/p>\n<h2><a href=\"\/en\/service\/repair-order\/\" title=\"Repair Order\">Repair Order<\/a><\/h2>\n<p>[\/et_pb_text][et_pb_blurb url=&#8221;\/en\/service\/repair-order\/&#8221; use_icon=&#8221;on&#8221; font_icon=&#8221;&#x3d;||divi||400&#8243; icon_color=&#8221;#ffffff&#8221; image_icon_width=&#8221;50px&#8221; content_max_width=&#8221;300px&#8221; admin_label=&#8221;Hover&#8221; _builder_version=&#8221;4.16&#8243; background_color=&#8221;rgba(234,91,10,0.7)&#8221; max_width=&#8221;417px&#8221; height=&#8221;210px&#8221; custom_padding=&#8221;72px||||false|false&#8221; filter_opacity=&#8221;0%&#8221; link_option_url=&#8221;\/en\/service\/repair-order\/&#8221; icon_font_size=&#8221;50px&#8221; icon_font_size__hover_enabled=&#8221;off|desktop&#8221; global_colors_info=&#8221;{}&#8221; filter_opacity__hover_enabled=&#8221;on|hover&#8221; filter_opacity__hover=&#8221;100%&#8221; image_icon_width__hover_enabled=&#8221;off|desktop&#8221;][\/et_pb_blurb][\/et_pb_column][et_pb_column type=&#8221;1_4&#8243; _builder_version=&#8221;4.16&#8243; background_enable_color=&#8221;off&#8221; background_image=&#8221;https:\/\/www.rokamat.com\/wp-content\/uploads\/2021\/04\/Newsletter-Bild-5.jpg&#8221; background_position=&#8221;top_center&#8221; custom_css_main_element=&#8221;background-position: 50% 30px;&#8221; global_colors_info=&#8221;{}&#8221;][et_pb_text _builder_version=&#8221;4.19.4&#8243; text_text_color=&#8221;#808080&#8243; header_text_color=&#8221;#FFFFFF&#8221; header_2_font=&#8221;|600|||||||&#8221; header_2_text_color=&#8221;#FFFFFF&#8221; header_2_font_size=&#8221;18px&#8221; background_color=&#8221;#4C4D4F&#8221; custom_margin=&#8221;||0px||false|false&#8221; custom_padding=&#8221;15px|15px|15px|15px|true|true&#8221; link_option_url=&#8221;\/en\/newsletter\/&#8221; border_radii=&#8221;off|10px|10px||&#8221; border_width_bottom=&#8221;2px&#8221; border_color_bottom=&#8221;#ffffff&#8221; global_colors_info=&#8221;{}&#8221;]<\/p>\n<h2><a href=\"\/en\/newsletter\/\" title=\"Newsletter\">Newsletter<\/a><\/h2>\n<p>[\/et_pb_text][et_pb_blurb url=&#8221;\/en\/newsletter\/&#8221; use_icon=&#8221;on&#8221; font_icon=&#8221;&#x3d;||divi||400&#8243; icon_color=&#8221;#ffffff&#8221; image_icon_width=&#8221;50px&#8221; content_max_width=&#8221;300px&#8221; admin_label=&#8221;Hover&#8221; _builder_version=&#8221;4.16&#8243; background_color=&#8221;rgba(234,91,10,0.7)&#8221; max_width=&#8221;417px&#8221; height=&#8221;210px&#8221; custom_padding=&#8221;72px||||false|false&#8221; filter_opacity=&#8221;0%&#8221; link_option_url=&#8221;\/en\/newsletter\/&#8221; icon_font_size=&#8221;50px&#8221; icon_font_size__hover_enabled=&#8221;off|desktop&#8221; global_colors_info=&#8221;{}&#8221; filter_opacity__hover_enabled=&#8221;on|hover&#8221; filter_opacity__hover=&#8221;100%&#8221; image_icon_width__hover_enabled=&#8221;off|desktop&#8221;][\/et_pb_blurb][\/et_pb_column][et_pb_column type=&#8221;1_4&#8243; _builder_version=&#8221;4.16&#8243; background_enable_color=&#8221;off&#8221; background_image=&#8221;https:\/\/www.rokamat.com\/wp-content\/uploads\/2021\/04\/Newsletter-Bild-5.jpg&#8221; background_position=&#8221;top_center&#8221; custom_css_main_element=&#8221;background-position: 50% 30px;&#8221; global_colors_info=&#8221;{}&#8221;][\/et_pb_column][\/et_pb_row][\/et_pb_section][et_pb_section fb_built=&#8221;1&#8243; _builder_version=&#8221;4.17.6&#8243; use_background_color_gradient=&#8221;on&#8221; background_color_gradient_stops=&#8221;rgba(0,0,0,0.67) 0%|rgba(0,0,0,0.67) 100%&#8221; background_color_gradient_overlays_image=&#8221;on&#8221; background_color_gradient_start=&#8221;rgba(0,0,0,0.67)&#8221; background_color_gradient_end=&#8221;rgba(0,0,0,0.67)&#8221; background_image=&#8221;https:\/\/www.rokamat.com\/wp-content\/uploads\/2022\/07\/Rokamat-Gecko-Rapid-Turboschleifer-im-Einsatz-Hintergrundgrafik-Startseite.jpg&#8221; background_position=&#8221;center_right&#8221; custom_padding=&#8221;80px||80px||true|false&#8221; top_divider_style=&#8221;triangle&#8221; top_divider_color=&#8221;#FFFFFF&#8221; top_divider_height=&#8221;70px&#8221; top_divider_flip=&#8221;vertical&#8221; top_divider_height_tablet=&#8221;70px&#8221; top_divider_height_phone=&#8221;40px&#8221; top_divider_height_last_edited=&#8221;on|phone&#8221; da_disable_devices=&#8221;off|off|off&#8221; global_module=&#8221;8583&#8243; saved_tabs=&#8221;all&#8221; locked=&#8221;off&#8221; global_colors_info=&#8221;{}&#8221; da_is_popup=&#8221;off&#8221; da_exit_intent=&#8221;off&#8221; da_has_close=&#8221;on&#8221; da_alt_close=&#8221;off&#8221; da_dark_close=&#8221;off&#8221; da_not_modal=&#8221;on&#8221; da_is_singular=&#8221;off&#8221; da_with_loader=&#8221;off&#8221; da_has_shadow=&#8221;on&#8221;][et_pb_row use_custom_gutter=&#8221;on&#8221; make_equal=&#8221;on&#8221; _builder_version=&#8221;4.17.6&#8243; width=&#8221;90%&#8221; width_tablet=&#8221;90%&#8221; width_phone=&#8221;90%&#8221; width_last_edited=&#8221;on|tablet&#8221; max_width=&#8221;1170px&#8221; max_width_tablet=&#8221;90%&#8221; max_width_phone=&#8221;90%&#8221; max_width_last_edited=&#8221;on|desktop&#8221; custom_margin=&#8221;||||false|false&#8221; custom_padding=&#8221;30px|0px|0px|0px|false|false&#8221; global_colors_info=&#8221;{}&#8221;][et_pb_column type=&#8221;4_4&#8243; _builder_version=&#8221;4.16&#8243; custom_padding=&#8221;|||&#8221; animation_style=&#8221;slide&#8221; animation_direction=&#8221;left&#8221; animation_duration=&#8221;750ms&#8221; animation_delay=&#8221;500ms&#8221; animation_speed_curve=&#8221;ease&#8221; global_colors_info=&#8221;{}&#8221; custom_padding__hover=&#8221;|||&#8221;][et_pb_text _builder_version=&#8221;4.17.6&#8243; text_font=&#8221;|||on|||||&#8221; text_text_color=&#8221;#ffffff&#8221; text_font_size=&#8221;46px&#8221; text_line_height=&#8221;1em&#8221; max_width=&#8221;81%&#8221; module_alignment=&#8221;center&#8221; text_font_size_tablet=&#8221;42px&#8221; text_font_size_phone=&#8221;30px&#8221; text_font_size_last_edited=&#8221;on|desktop&#8221; text_line_height_tablet=&#8221;1.1em&#8221; text_line_height_phone=&#8221;1.1em&#8221; text_line_height_last_edited=&#8221;on|desktop&#8221; text_orientation_tablet=&#8221;center&#8221; text_orientation_phone=&#8221;center&#8221; text_orientation_last_edited=&#8221;on|phone&#8221; module_alignment_tablet=&#8221;center&#8221; module_alignment_phone=&#8221;center&#8221; module_alignment_last_edited=&#8221;on|phone&#8221; global_colors_info=&#8221;{}&#8221;]<\/p>\n<p style=\"text-align: center;\">Always stay up to date with <br \/>our <span style=\"color: #ff6600;\">Newsletter<\/span><\/p>\n<p>[\/et_pb_text][et_pb_code _builder_version=&#8221;4.17.6&#8243; _module_preset=&#8221;default&#8221; text_orientation=&#8221;center&#8221; module_alignment=&#8221;center&#8221; global_colors_info=&#8221;{}&#8221;][\/et_pb_code][\/et_pb_column][\/et_pb_row][et_pb_row _builder_version=&#8221;4.27.4&#8243; _module_preset=&#8221;default&#8221; global_colors_info=&#8221;{}&#8221;][et_pb_column type=&#8221;4_4&#8243; _builder_version=&#8221;4.27.4&#8243; _module_preset=&#8221;default&#8221; global_colors_info=&#8221;{}&#8221;][\/et_pb_column][\/et_pb_row][\/et_pb_section]<\/p>\n","protected":false},"excerpt":{"rendered":"<p>ServiceWelcome to our service area, where you will find the latest information about the ROKAMAT brand product range. Enjoy viewing our catalogue and product flyers. You can also just browse through the e-paper version of the catalogue.In addition you can view here spare parts documents of your ROKAMAT machine. Please note that spare parts lists [&hellip;]<\/p>\n","protected":false},"author":3,"featured_media":0,"parent":0,"menu_order":0,"comment_status":"closed","ping_status":"closed","template":"","meta":{"_et_pb_use_builder":"on","_et_pb_old_content":"<p>[et_pb_section fb_built=\"1\" specialty=\"on\" _builder_version=\"4.3.2\" custom_padding=\"22px||||false|false\"][et_pb_column type=\"1_4\" _builder_version=\"3.25\" custom_padding=\"|||\" custom_padding__hover=\"|||\"][et_pb_sidebar area=\"et_pb_widget_area_3\" show_border=\"off\" module_class=\"side-menu\" _builder_version=\"4.3.4\" body_font=\"Exo2 Regular||||||||\" saved_tabs=\"all\"][\/et_pb_sidebar][\/et_pb_column][et_pb_column type=\"3_4\" specialty_columns=\"3\" _builder_version=\"3.25\" custom_padding=\"|||\" custom_padding__hover=\"|||\"][et_pb_row_inner _builder_version=\"4.3.2\" custom_padding=\"||0px|||\"][et_pb_column_inner saved_specialty_column_type=\"3_4\" _builder_version=\"4.3.2\"][et_pb_text _builder_version=\"4.3.4\" header_font=\"Exo2 Regular||||||||\" header_text_color=\"#ea5b0a\" custom_margin=\"||50px|||\" hover_enabled=\"0\"]<\/p><h1>Service<\/h1><p>[\/et_pb_text][\/et_pb_column_inner][\/et_pb_row_inner][et_pb_row_inner _builder_version=\"4.3.2\" custom_padding=\"0px|||||\"][et_pb_column_inner saved_specialty_column_type=\"3_4\" _builder_version=\"4.3.2\"][et_pb_text _builder_version=\"4.3.4\"]<\/p><p>Herzlich willkommen in unserem Download-Bereich.<\/p><p>Hier finden Sie aktuelle Informationen zur Produktpalette von ROKAMAT.<\/p><p>St\u00f6bern Sie nach Herzenslust in unserem Katalog als E-Paper. Die Produktflyer finden Sie auf der jeweiligen Maschinenseite zum downloaden.<\/p><p>Au\u00dferdem k\u00f6nnen Sie hier die Ersatzteildokumente Ihrer ROKAMAT Maschine einsehen.<\/p><p><strong>Bitte beachten Sie, dass die Ersatzteillisten dem aktuellen technischen Stand entsprechen. Bei Ersatzteil- Bestellungen f\u00fcr \u00e4ltere Maschinen k\u00f6nnen die Artikelnummern abweichen. Deshalb bitte bei Anfragen oder Bestellungen immer die Seriennummer mit angeben.<\/strong><\/p><p>[\/et_pb_text][et_pb_text _builder_version=\"4.3.4\" hover_enabled=\"0\"]<\/p><p><a href=\"\/service\/katalog\/\">Katalog<\/a><\/p><p><a href=\"\/service\/katalog-als-e-paper\/\">Katalog als E-Paper<\/a><\/p><p><a href=\"\/service\/ersatzteillisten-220-v\/\">Ersatzteillisten 220 V<\/a><\/p><p><a href=\"\/service\/erasatzteillisten-110-v-usa\/\">Ersatzteillisten 110 V (USA)<\/a><\/p><p><a href=\"\/service\/reparaturauftrag\/\">Reparaturauftrag<\/a><\/p><p>[\/et_pb_text][\/et_pb_column_inner][\/et_pb_row_inner][\/et_pb_column][\/et_pb_section]<\/p>","_et_gb_content_width":"","footnotes":""},"_links":{"self":[{"href":"https:\/\/www.rokamat.com\/en\/wp-json\/wp\/v2\/pages\/2366"}],"collection":[{"href":"https:\/\/www.rokamat.com\/en\/wp-json\/wp\/v2\/pages"}],"about":[{"href":"https:\/\/www.rokamat.com\/en\/wp-json\/wp\/v2\/types\/page"}],"author":[{"embeddable":true,"href":"https:\/\/www.rokamat.com\/en\/wp-json\/wp\/v2\/users\/3"}],"replies":[{"embeddable":true,"href":"https:\/\/www.rokamat.com\/en\/wp-json\/wp\/v2\/comments?post=2366"}],"version-history":[{"count":19,"href":"https:\/\/www.rokamat.com\/en\/wp-json\/wp\/v2\/pages\/2366\/revisions"}],"predecessor-version":[{"id":16114,"href":"https:\/\/www.rokamat.com\/en\/wp-json\/wp\/v2\/pages\/2366\/revisions\/16114"}],"wp:attachment":[{"href":"https:\/\/www.rokamat.com\/en\/wp-json\/wp\/v2\/media?parent=2366"}],"curies":[{"name":"wp","href":"https:\/\/api.w.org\/{rel}","templated":true}]}}